{"id":1095,"date":"2025-08-14T03:45:06","date_gmt":"2025-08-14T03:45:06","guid":{"rendered":"https:\/\/pacificselection.com\/?page_id=1095"},"modified":"2026-03-24T03:47:59","modified_gmt":"2026-03-24T03:47:59","slug":"terms-and-conditions","status":"publish","type":"page","link":"https:\/\/pacificselection.com\/es\/terms-and-conditions\/","title":{"rendered":"Terms and conditions"},"content":{"rendered":"<div data-elementor-type=\"wp-page\" data-elementor-id=\"1095\" class=\"elementor elementor-1095\" data-elementor-post-type=\"page\">\n\t\t\t\t<div class=\"elementor-element elementor-element-c3647f4 e-flex e-con-boxed e-con e-parent\" data-id=\"c3647f4\" data-element_type=\"container\" data-e-type=\"container\">\n\t\t\t\t\t<div class=\"e-con-inner\">\n\t\t\t\t<div class=\"elementor-element elementor-element-2b7f1a7 elementor-widget elementor-widget-heading\" data-id=\"2b7f1a7\" data-element_type=\"widget\" data-e-type=\"widget\" data-widget_type=\"heading.default\">\n\t\t\t\t<div class=\"elementor-widget-container\">\n\t\t\t\t\t<h2 class=\"elementor-heading-title elementor-size-default\">Terms and conditions<\/h2>\t\t\t\t<\/div>\n\t\t\t\t<\/div>\n\t\t\t\t<div class=\"elementor-element elementor-element-9cb94d2 elementor-widget elementor-widget-heading\" data-id=\"9cb94d2\" data-element_type=\"widget\" data-e-type=\"widget\" data-widget_type=\"heading.default\">\n\t\t\t\t<div class=\"elementor-widget-container\">\n\t\t\t\t\t<h4 class=\"elementor-heading-title elementor-size-default\">Cancellation policies:\n\n<\/h4>\t\t\t\t<\/div>\n\t\t\t\t<\/div>\n\t\t\t\t<div class=\"elementor-element elementor-element-edd25ba elementor-widget elementor-widget-text-editor\" data-id=\"edd25ba\" data-element_type=\"widget\" data-e-type=\"widget\" data-widget_type=\"text-editor.default\">\n\t\t\t\t<div class=\"elementor-widget-container\">\n\t\t\t\t\t\t\t\t\t<p>Full refund at least 5 days before check-in<br \/>Partial refund within 5 days of check-in<\/p>\t\t\t\t\t\t\t\t<\/div>\n\t\t\t\t<\/div>\n\t\t\t\t<div class=\"elementor-element elementor-element-f3fe604 elementor-widget elementor-widget-text-editor\" data-id=\"f3fe604\" data-element_type=\"widget\" data-e-type=\"widget\" data-widget_type=\"text-editor.default\">\n\t\t\t\t<div class=\"elementor-widget-container\">\n\t\t\t\t\t\t\t\t\t<p><strong>About us poner:<\/strong><\/p>\t\t\t\t\t\t\t\t<\/div>\n\t\t\t\t<\/div>\n\t\t\t\t<div class=\"elementor-element elementor-element-4439893 elementor-widget elementor-widget-text-editor\" data-id=\"4439893\" data-element_type=\"widget\" data-e-type=\"widget\" data-widget_type=\"text-editor.default\">\n\t\t\t\t<div class=\"elementor-widget-container\">\n\t\t\t\t\t\t\t\t\t<p><strong>Quitar todo y poner<\/strong><\/p><p>En The Pacific Selection sabemos que los peque\u00f1os detalles marcan la gran diferencia. Por eso contamos con un equipo de profesionales de conserjer\u00eda de primera clase, listos para ayudarle antes y durante su estancia. Nuestra misi\u00f3n es hacer que su experiencia sea lo m\u00e1s agradable y fluida posible.<\/p>\t\t\t\t\t\t\t\t<\/div>\n\t\t\t\t<\/div>\n\t\t\t\t<div class=\"elementor-element elementor-element-7e28700 elementor-widget elementor-widget-text-editor\" data-id=\"7e28700\" data-element_type=\"widget\" data-e-type=\"widget\" data-widget_type=\"text-editor.default\">\n\t\t\t\t<div class=\"elementor-widget-container\">\n\t\t\t\t\t\t\t\t\t<p><strong>Experience and excellence in hospitality.<\/strong><br \/>Nuestro anfitri\u00f3n y socio, Edwin Padilla, cuenta con m\u00e1s de 20 a\u00f1os de experiencia en hosteler\u00eda de lujo y gesti\u00f3n inmobiliaria. Su dedicaci\u00f3n al excelente servicio al cliente y la mejora constante de cada villa garantizan que su estancia supere todas sus expectativas.<\/p>\t\t\t\t\t\t\t\t<\/div>\n\t\t\t\t<\/div>\n\t\t\t\t<div class=\"elementor-element elementor-element-554adf7 elementor-widget elementor-widget-text-editor\" data-id=\"554adf7\" data-element_type=\"widget\" data-e-type=\"widget\" data-widget_type=\"text-editor.default\">\n\t\t\t\t<div class=\"elementor-widget-container\">\n\t\t\t\t\t\t\t\t\t<p><strong>Pr\u00f3ximamente en Playa Hermosa<\/strong><br \/>Actualmente operamos en Playa Jac\u00f3, una verdadera joya del Pac\u00edfico Central, conocida por su energ\u00eda vibrante, sus hermosas playas y sus espectaculares puestas de sol. Estamos muy contentos de ampliar pronto nuestra oferta de villas exclusivas a Playa Hermosa, uno de los destinos m\u00e1s codiciados de Costa Rica.<\/p>\t\t\t\t\t\t\t\t<\/div>\n\t\t\t\t<\/div>\n\t\t\t\t\t<\/div>\n\t\t\t\t<\/div>\n\t\t\t\t<\/div>","protected":false},"excerpt":{"rendered":"<p>Terms and conditions Cancellation policies: Full refund at least 5 days before check-inPartial refund within 5 days of check-in About us poner: Quitar todo y poner At The Pacific Selection, we know that the small details make the biggest difference. That\u2019s why we offer a team of first-class concierge professionals, ready to assist you before [&hellip;]<\/p>\n","protected":false},"author":3,"featured_media":0,"parent":0,"menu_order":0,"comment_status":"closed","ping_status":"closed","template":"","meta":{"_acf_changed":false,"footnotes":""},"class_list":["post-1095","page","type-page","status-publish","hentry"],"acf":[],"yoast_head":"<!-- This site is optimized with the Yoast SEO plugin v27.5 - https:\/\/yoast.com\/product\/yoast-seo-wordpress\/ -->\n<title>Terms and conditions - Pacific Selection<\/title>\n<meta name=\"robots\" content=\"index, follow, max-snippet:-1, max-image-preview:large, max-video-preview:-1\" \/>\n<link rel=\"canonical\" href=\"https:\/\/pacificselection.com\/es\/terms-and-conditions\/\" \/>\n<meta property=\"og:locale\" content=\"es_ES\" \/>\n<meta property=\"og:type\" content=\"article\" \/>\n<meta property=\"og:title\" content=\"Terms and conditions - Pacific Selection\" \/>\n<meta property=\"og:description\" content=\"Terms and conditions Cancellation policies: Full refund at least 5 days before check-inPartial refund within 5 days of check-in About us poner: Quitar todo y poner At The Pacific Selection, we know that the small details make the biggest difference. That\u2019s why we offer a team of first-class concierge professionals, ready to assist you before [&hellip;]\" \/>\n<meta property=\"og:url\" content=\"https:\/\/pacificselection.com\/es\/terms-and-conditions\/\" \/>\n<meta property=\"og:site_name\" content=\"Pacific Selection\" \/>\n<meta property=\"article:modified_time\" content=\"2026-03-24T03:47:59+00:00\" \/>\n<meta name=\"twitter:card\" content=\"summary_large_image\" \/>\n<meta name=\"twitter:label1\" content=\"Tiempo de lectura\" \/>\n\t<meta name=\"twitter:data1\" content=\"1 minuto\" \/>\n<script type=\"application\/ld+json\" class=\"yoast-schema-graph\">{\"@context\":\"https:\\\/\\\/schema.org\",\"@graph\":[{\"@type\":\"WebPage\",\"@id\":\"https:\\\/\\\/pacificselection.com\\\/terms-and-conditions\\\/\",\"url\":\"https:\\\/\\\/pacificselection.com\\\/terms-and-conditions\\\/\",\"name\":\"Terms and conditions - Pacific Selection\",\"isPartOf\":{\"@id\":\"https:\\\/\\\/pacificselection.com\\\/en\\\/#website\"},\"datePublished\":\"2025-08-14T03:45:06+00:00\",\"dateModified\":\"2026-03-24T03:47:59+00:00\",\"breadcrumb\":{\"@id\":\"https:\\\/\\\/pacificselection.com\\\/terms-and-conditions\\\/#breadcrumb\"},\"inLanguage\":\"es\",\"potentialAction\":[{\"@type\":\"ReadAction\",\"target\":[\"https:\\\/\\\/pacificselection.com\\\/terms-and-conditions\\\/\"]}]},{\"@type\":\"BreadcrumbList\",\"@id\":\"https:\\\/\\\/pacificselection.com\\\/terms-and-conditions\\\/#breadcrumb\",\"itemListElement\":[{\"@type\":\"ListItem\",\"position\":1,\"name\":\"Home\",\"item\":\"https:\\\/\\\/pacificselection.com\\\/\"},{\"@type\":\"ListItem\",\"position\":2,\"name\":\"Terms and conditions\"}]},{\"@type\":\"WebSite\",\"@id\":\"https:\\\/\\\/pacificselection.com\\\/en\\\/#website\",\"url\":\"https:\\\/\\\/pacificselection.com\\\/en\\\/\",\"name\":\"Pacific Selection\",\"description\":\"\",\"potentialAction\":[{\"@type\":\"SearchAction\",\"target\":{\"@type\":\"EntryPoint\",\"urlTemplate\":\"https:\\\/\\\/pacificselection.com\\\/en\\\/?s={search_term_string}\"},\"query-input\":{\"@type\":\"PropertyValueSpecification\",\"valueRequired\":true,\"valueName\":\"search_term_string\"}}],\"inLanguage\":\"es\"}]}<\/script>\n<!-- \/ Yoast SEO plugin. -->","yoast_head_json":{"title":"Terms and conditions - Pacific Selection","robots":{"index":"index","follow":"follow","max-snippet":"max-snippet:-1","max-image-preview":"max-image-preview:large","max-video-preview":"max-video-preview:-1"},"canonical":"https:\/\/pacificselection.com\/es\/terms-and-conditions\/","og_locale":"es_ES","og_type":"article","og_title":"Terms and conditions - Pacific Selection","og_description":"Terms and conditions Cancellation policies: Full refund at least 5 days before check-inPartial refund within 5 days of check-in About us poner: Quitar todo y poner At The Pacific Selection, we know that the small details make the biggest difference. That\u2019s why we offer a team of first-class concierge professionals, ready to assist you before [&hellip;]","og_url":"https:\/\/pacificselection.com\/es\/terms-and-conditions\/","og_site_name":"Pacific Selection","article_modified_time":"2026-03-24T03:47:59+00:00","twitter_card":"summary_large_image","twitter_misc":{"Tiempo de lectura":"1 minuto"},"schema":{"@context":"https:\/\/schema.org","@graph":[{"@type":"WebPage","@id":"https:\/\/pacificselection.com\/terms-and-conditions\/","url":"https:\/\/pacificselection.com\/terms-and-conditions\/","name":"Terms and conditions - Pacific Selection","isPartOf":{"@id":"https:\/\/pacificselection.com\/en\/#website"},"datePublished":"2025-08-14T03:45:06+00:00","dateModified":"2026-03-24T03:47:59+00:00","breadcrumb":{"@id":"https:\/\/pacificselection.com\/terms-and-conditions\/#breadcrumb"},"inLanguage":"es","potentialAction":[{"@type":"ReadAction","target":["https:\/\/pacificselection.com\/terms-and-conditions\/"]}]},{"@type":"BreadcrumbList","@id":"https:\/\/pacificselection.com\/terms-and-conditions\/#breadcrumb","itemListElement":[{"@type":"ListItem","position":1,"name":"Home","item":"https:\/\/pacificselection.com\/"},{"@type":"ListItem","position":2,"name":"Terms and conditions"}]},{"@type":"WebSite","@id":"https:\/\/pacificselection.com\/en\/#website","url":"https:\/\/pacificselection.com\/en\/","name":"Pacific Selection","description":"","potentialAction":[{"@type":"SearchAction","target":{"@type":"EntryPoint","urlTemplate":"https:\/\/pacificselection.com\/en\/?s={search_term_string}"},"query-input":{"@type":"PropertyValueSpecification","valueRequired":true,"valueName":"search_term_string"}}],"inLanguage":"es"}]}},"_links":{"self":[{"href":"https:\/\/pacificselection.com\/es\/wp-json\/wp\/v2\/pages\/1095","targetHints":{"allow":["GET"]}}],"collection":[{"href":"https:\/\/pacificselection.com\/es\/wp-json\/wp\/v2\/pages"}],"about":[{"href":"https:\/\/pacificselection.com\/es\/wp-json\/wp\/v2\/types\/page"}],"author":[{"embeddable":true,"href":"https:\/\/pacificselection.com\/es\/wp-json\/wp\/v2\/users\/3"}],"replies":[{"embeddable":true,"href":"https:\/\/pacificselection.com\/es\/wp-json\/wp\/v2\/comments?post=1095"}],"version-history":[{"count":10,"href":"https:\/\/pacificselection.com\/es\/wp-json\/wp\/v2\/pages\/1095\/revisions"}],"predecessor-version":[{"id":1921,"href":"https:\/\/pacificselection.com\/es\/wp-json\/wp\/v2\/pages\/1095\/revisions\/1921"}],"wp:attachment":[{"href":"https:\/\/pacificselection.com\/es\/wp-json\/wp\/v2\/media?parent=1095"}],"curies":[{"name":"wp","href":"https:\/\/api.w.org\/{rel}","templated":true}]}}